{"id":321,"date":"2017-10-29T23:29:48","date_gmt":"2017-10-29T22:29:48","guid":{"rendered":"http:\/\/dev.heller-mackens.de\/?page_id=321"},"modified":"2020-08-12T23:53:29","modified_gmt":"2020-08-12T21:53:29","slug":"unternehmen","status":"publish","type":"page","link":"https:\/\/heller-mackens.de\/?page_id=321","title":{"rendered":"Unternehmen"},"content":{"rendered":"<div id=\"pl-321\"  class=\"panel-layout\" ><div id=\"pg-321-0\"  class=\"panel-grid panel-no-style\" ><div id=\"pgc-321-0-0\"  class=\"panel-grid-cell\" ><div id=\"panel-321-0-0-0\" class=\"so-panel widget widget_metaslider_widget panel-first-child panel-last-child\" data-index=\"0\" ><div id=\"metaslider-id-446\" style=\"width: 100%; margin: 0 auto;\" class=\"ml-slider-3-105-0 metaslider metaslider-flex metaslider-446 ml-slider ms-theme-default nav-hidden\" role=\"region\" aria-label=\"Unternehmen\" data-height=\"750\" data-width=\"2500\">\n    <div id=\"metaslider_container_446\">\n        <div id=\"metaslider_446\">\n            <ul class='slides'>\n                <li style=\"display: block; width: 100%;\" class=\"slide-448 ms-image \" aria-roledescription=\"slide\" data-date=\"2018-02-15 17:40:38\" data-filename=\"IMG_4143_kopie-1475x442.jpg\" data-slide-type=\"image\"><img loading=\"lazy\" decoding=\"async\" src=\"https:\/\/heller-mackens.de\/wp-content\/uploads\/2018\/12\/IMG_4143_kopie-1475x442.jpg\" height=\"750\" width=\"2500\" alt=\"\" class=\"slider-446 slide-448 msDefaultImage\" \/><\/li>\n            <\/ul>\n        <\/div>\n        \n    <\/div>\n<\/div><\/div><\/div><\/div><div id=\"pg-321-1\"  class=\"panel-grid panel-no-style\" ><div id=\"pgc-321-1-0\"  class=\"panel-grid-cell\" ><div id=\"panel-321-1-0-0\" class=\"so-panel widget widget_sow-headline panel-first-child\" data-index=\"1\" ><div\n\t\t\t\n\t\t\tclass=\"so-widget-sow-headline so-widget-sow-headline-default-4b1e558a365a-321\"\n\t\t\t\n\t\t><div class=\"sow-headline-container \">\n\t\t\t\t\t\t\t<h1 class=\"sow-headline\">\n\t\t\t\t\t\tUnser Team\t\t\t\t\t\t<\/h1>\n\t\t\t\t\t\t<\/div>\n<\/div><\/div><div id=\"panel-321-1-0-1\" class=\"so-panel widget widget_sow-editor\" data-index=\"2\" ><div\n\t\t\t\n\t\t\tclass=\"so-widget-sow-editor so-widget-sow-editor-base\"\n\t\t\t\n\t\t>\n<div class=\"siteorigin-widget-tinymce textwidget\">\n\t<p><a style=\"text-decoration: underline; color: black;\" href=\"mailto:heller@heller-mackens.de\">Torsten Heller \u2013 Dipl. Ing. (FH) f\u00fcr Veterin\u00e4rmedizin<\/a><br \/>\n<a style=\"text-decoration: underline; color: black;\" href=\"mailto:mackens@heller-mackens.de\">Jens Mackens \u2013 staatlich gepr\u00fcfter Techniker<\/a><br \/>\n<a style=\"text-decoration: underline; color: black;\" href=\"mailto:fiedler@heller-mackens.de\">Antje Fiedler \u2013 Dipl. Oecotrophologin<\/a><br \/>\n<a style=\"text-decoration: underline; color: black;\" href=\"mailto:info@heller-mackens.de\">Stephanie Kolthof \u2013 Dipl. Oecotrophologin<\/a><br \/>\n<a style=\"text-decoration: underline; color: black;\" href=\"mailto:info@heller-mackens.de\">Juliane Husfeldt \u2013 \u00d6kotrophologin (B.Sc.)<\/a><br \/>\n<a style=\"text-decoration: underline; color: black;\" href=\"mailto:roeben@heller-mackens.de\">Maike R\u00f6ben \u2013 Dipl. Oecotrophologin<\/a><br \/>\n<a style=\"text-decoration: underline; color: black;\" href=\"mailto:terkhorn@heller-mackens.de\">Maren Terkhorn \u2013 (B.Eng. Lebensmitteltechnologin)<\/a><br \/>\n<a style=\"text-decoration: underline; color: black;\" href=\"mailto:felgenhauer@heller-mackens.de\">Linda Felgenhauer \u2013 Oecotrophologin (B.Sc.)<\/a><\/p>\n<\/div>\n<\/div><\/div><div id=\"panel-321-1-0-2\" class=\"so-panel widget widget_sow-headline panel-last-child\" data-index=\"3\" ><div\n\t\t\t\n\t\t\tclass=\"so-widget-sow-headline so-widget-sow-headline-default-4b1e558a365a-321\"\n\t\t\t\n\t\t><div class=\"sow-headline-container \">\n\t\t\t\t\t\t\t<h1 class=\"sow-headline\">\n\t\t\t\t\t\tOffene Stellen\t\t\t\t\t\t<\/h1>\n\t\t\t\t\t\t<\/div>\n<\/div><\/div><\/div><div id=\"pgc-321-1-1\"  class=\"panel-grid-cell\" ><div id=\"panel-321-1-1-0\" class=\"so-panel widget widget_sow-headline panel-first-child\" data-index=\"4\" ><div\n\t\t\t\n\t\t\tclass=\"so-widget-sow-headline so-widget-sow-headline-default-4b1e558a365a-321\"\n\t\t\t\n\t\t><div class=\"sow-headline-container \">\n\t\t\t\t\t\t\t<h1 class=\"sow-headline\">\n\t\t\t\t\t\tUnser Unternehmen\t\t\t\t\t\t<\/h1>\n\t\t\t\t\t\t<\/div>\n<\/div><\/div><div id=\"panel-321-1-1-1\" class=\"so-panel widget widget_sow-editor panel-last-child\" data-index=\"5\" ><div\n\t\t\t\n\t\t\tclass=\"so-widget-sow-editor so-widget-sow-editor-base\"\n\t\t\t\n\t\t>\n<div class=\"siteorigin-widget-tinymce textwidget\">\n\t<p>Die\u00a0<strong>Heller &amp; Mackens GbR<\/strong>\u00a0bietet seit der Gr\u00fcndung 2002 als kompetenter Partner Dienstleistungen f\u00fcr Unternehmen der gesamten Lebensmittelbranche an.<br \/>\nDer Firmensitz befindet sich auf dem Fleischgro\u00dfmarkt in Hamburg.<\/p>\n<p>Mit unserem qualifizierten Team bieten wir unseren Kunden fachlich kompetente sowie auf die Bed\u00fcrfnisse der einzelnen Betriebe zugeschnittene Leistungen an.<\/p>\n<p>Gerne \u00fcbernehmen wir auch \u201eSpezialauftr\u00e4ge\u201c oder Aufgaben, die eine zeitnahe Umsetzung erfordern.<\/p>\n<p>Unsere langj\u00e4hrigen Kunden sch\u00e4tzen neben der Flexibilit\u00e4t, die praxisorientierte Umsetzung der Aufgaben, sowie das pers\u00f6nliche Engagement unserer Mitarbeiter.<\/p>\n<p><strong>Unser Kundenkreis umfasst Betriebe aus diversen Branchen:<\/strong><\/p>\n<ul>\n<li>Produktionsbetriebe aus der gesamtem Lebensmittelbranche<\/li>\n<li>Landwirtschaftliche Erzeugerbetriebe<\/li>\n<li>Gemeinschaftsverpflegungen und Gastronomie<\/li>\n<li>Handelsunternehmen<\/li>\n<li>Lebensmittellogistik<\/li>\n<li>Broker<\/li>\n<\/ul>\n<\/div>\n<\/div><\/div><\/div><\/div><\/div>","protected":false},"excerpt":{"rendered":"<p>Torsten Heller \u2013 Dipl. Ing. (FH) f\u00fcr Veterin\u00e4rmedizin Jens Mackens \u2013 staatlich gepr\u00fcfter Techniker Antje Fiedler \u2013 Dipl. Oecotrophologin Stephanie Kolthof \u2013 Dipl. Oecotrophologin Juliane Husfeldt \u2013 \u00d6kotrophologin (B.Sc.) Maike R\u00f6ben \u2013 Dipl. Oecotrophologin Maren Terkhorn \u2013 (B.Eng. Lebensmitteltechnologin) Linda Felgenhauer \u2013 Oecotrophologin (B.Sc.) Die\u00a0Heller &amp; Mackens GbR\u00a0bietet seit der Gr\u00fcndung 2002 als kompetenter Partner [&hellip;]<\/p>\n","protected":false},"author":1,"featured_media":0,"parent":0,"menu_order":0,"comment_status":"closed","ping_status":"closed","template":"","meta":{"footnotes":""},"class_list":["post-321","page","type-page","status-publish","hentry","post"],"_links":{"self":[{"href":"https:\/\/heller-mackens.de\/index.php?rest_route=\/wp\/v2\/pages\/321","targetHints":{"allow":["GET"]}}],"collection":[{"href":"https:\/\/heller-mackens.de\/index.php?rest_route=\/wp\/v2\/pages"}],"about":[{"href":"https:\/\/heller-mackens.de\/index.php?rest_route=\/wp\/v2\/types\/page"}],"author":[{"embeddable":true,"href":"https:\/\/heller-mackens.de\/index.php?rest_route=\/wp\/v2\/users\/1"}],"replies":[{"embeddable":true,"href":"https:\/\/heller-mackens.de\/index.php?rest_route=%2Fwp%2Fv2%2Fcomments&post=321"}],"version-history":[{"count":41,"href":"https:\/\/heller-mackens.de\/index.php?rest_route=\/wp\/v2\/pages\/321\/revisions"}],"predecessor-version":[{"id":1189,"href":"https:\/\/heller-mackens.de\/index.php?rest_route=\/wp\/v2\/pages\/321\/revisions\/1189"}],"wp:attachment":[{"href":"https:\/\/heller-mackens.de\/index.php?rest_route=%2Fwp%2Fv2%2Fmedia&parent=321"}],"curies":[{"name":"wp","href":"https:\/\/api.w.org\/{rel}","templated":true}]}}