{"id":31,"date":"2017-09-07T10:06:48","date_gmt":"2017-09-07T08:06:48","guid":{"rendered":"http:\/\/ibanez\/heller_mackens_dev\/?page_id=31"},"modified":"2023-07-10T22:38:24","modified_gmt":"2023-07-10T20:38:24","slug":"homepage-2","status":"publish","type":"page","link":"https:\/\/heller-mackens.de\/","title":{"rendered":"Homepage"},"content":{"rendered":"<div id=\"pl-31\"  class=\"panel-layout\" ><div id=\"pg-31-0\"  class=\"panel-grid panel-has-style\" ><div class=\"home-row-company-left siteorigin-panels-stretch iw-med-up panel-row-style panel-row-style-for-31-0\" data-stretch-type=\"full\" ><div id=\"pgc-31-0-0\"  class=\"panel-grid-cell\" ><div id=\"panel-31-0-0-0\" class=\"so-panel widget widget_sow-editor panel-first-child panel-last-child\" data-index=\"0\" ><div class=\"panel-widget-style panel-widget-style-for-31-0-0-0\" ><div\n\t\t\t\n\t\t\tclass=\"so-widget-sow-editor so-widget-sow-editor-base\"\n\t\t\t\n\t\t>\n<div class=\"siteorigin-widget-tinymce textwidget\">\n\t<p style=\"text-align: center;\"><span style=\"color: #ffffff;\"><strong><span style=\"font-size: 18pt;\">Der Partner f\u00fcr Qualit\u00e4tssicherung und Fachplanung im Lebensmittelbereich<\/span><\/strong><\/span><\/p>\n<p><span style=\"color: #ffffff;\"><br \/>\nSicherheit und Qualit\u00e4t sind f\u00fcr alle Betriebe, die an der Produktion und dem Vertrieb von Lebensmitteln beteiligt sind, von gr\u00f6\u00dfter Bedeutung.<br \/>\nDie Heller &amp; Mackens GbR bietet als kompetenter Partner praxisorientierte Dienstleistungen f\u00fcr eine Vielzahl von Branchen im Lebensmittelbereich an. Wir bieten Ihnen eine individuelle Betreuung in den Bereichen Qualit\u00e4ts- und Hygienemanagement. Dar\u00fcber hinaus stehen wir Ihnen auch bei der Durchf\u00fchrung von Schulungen, bei lebensmittelrechtlichen Beratungen und bei der Fachplanung f\u00fcr Produktionsst\u00e4tten zur Seite.<\/span><\/p>\n<table style=\"width: 100%; border-collapse: collapse;\" border=\"0\">\n<tbody>\n<tr>\n<td style=\"width: 42%; text-align: center;\"><span style=\"font-size: 18pt;\"><a href=\"https:\/\/heller-mackens.de\/?page_id=321\">Erfahren Sie mehr \u00fcber unser Unternehmen<\/a><\/span><\/td>\n<td style=\"width: 16%;\"><\/td>\n<\/tr>\n<\/tbody>\n<\/table>\n<\/div>\n<\/div><\/div><\/div><\/div><\/div><\/div><div id=\"pg-31-1\"  class=\"panel-grid panel-has-style\" ><div class=\"home-row-company-right siteorigin-panels-stretch iw-small panel-row-style panel-row-style-for-31-1\" data-stretch-type=\"full\" ><div id=\"pgc-31-1-0\"  class=\"panel-grid-cell\" ><div id=\"panel-31-1-0-0\" class=\"so-panel widget widget_sow-editor panel-first-child panel-last-child\" data-index=\"1\" ><div class=\"panel-widget-style panel-widget-style-for-31-1-0-0\" ><div\n\t\t\t\n\t\t\tclass=\"so-widget-sow-editor so-widget-sow-editor-base\"\n\t\t\t\n\t\t>\n<div class=\"siteorigin-widget-tinymce textwidget\">\n\t<p><span style=\"color: #ffffff;\">Der Partner f\u00fcr Qualit\u00e4tssicherung und Fachplanung im Lebensmittelbereich<\/span><\/p>\n<p><span style=\"color: #ffffff;\"><br \/>\nSicherheit und Qualit\u00e4t sind f\u00fcr alle Betriebe, die an der Produktion und dem Vertrieb von Lebensmitteln beteiligt sind, von gr\u00f6\u00dfter Bedeutung. <br \/>Die Heller &amp; Mackens GbR bietet als kompetenter Partner praxisorientierte Dienstleistungen f\u00fcr eine Vielzahl von Branchen im Lebensmittelbereich an. Wir bieten Ihnen eine individuelle Betreuung in den Bereichen Qualit\u00e4ts- und Hygienemanagement. Dar\u00fcber hinaus stehen wir Ihnen auch bei der Durchf\u00fchrung von Schulungen, bei lebensmittelrechtlichen Beratungen und bei der Fachplanung f\u00fcr Produktionsst\u00e4tten zur Seite.<\/span><\/p>\n<table style=\"width: 100%; border-collapse: collapse;\" border=\"0\">\n<tbody>\n<tr>\n<td style=\"width: 42%; text-align: center;\"><span style=\"font-size: 18pt;\"><a href=\"https:\/\/heller-mackens.de\/?page_id=321\">Erfahren Sie mehr \u00fcber unser Unternehmen<\/a><\/span><\/td>\n<td style=\"width: 16%;\"><\/td>\n<\/tr>\n<\/tbody>\n<\/table>\n<\/div>\n<\/div><\/div><\/div><\/div><\/div><\/div><div id=\"pg-31-2\"  class=\"panel-grid panel-has-style\" ><div class=\"home-row-details siteorigin-panels-stretch panel-row-style panel-row-style-for-31-2\" id=\"Kontakt\" data-stretch-type=\"full\" ><div id=\"pgc-31-2-0\"  class=\"panel-grid-cell\" ><div class=\"homebox-over-details panel-cell-style panel-cell-style-for-31-2-0\" ><div id=\"panel-31-2-0-0\" class=\"so-panel widget widget_sow-editor panel-first-child panel-last-child\" data-index=\"2\" ><div class=\"home-box-details panel-widget-style panel-widget-style-for-31-2-0-0\" id=\"kontakt\" ><div\n\t\t\t\n\t\t\tclass=\"so-widget-sow-editor so-widget-sow-editor-base\"\n\t\t\t\n\t\t>\n<div class=\"siteorigin-widget-tinymce textwidget\">\n\t<p><span style=\"color: #ffffff;\"><img loading=\"lazy\" decoding=\"async\" class=\"wp-image-188 alignleft\" src=\"https:\/\/heller-mackens.de\/wp-content\/uploads\/2017\/09\/004-telephone_edit.png\" alt=\"\" width=\"55\" height=\"55\" \/><\/span><\/p>\n<h4><span style=\"color: #ffffff;\">Rufen Sie uns an unter:<\/span><\/h4>\n<h4><span style=\"color: #ffffff;\">040 - 43 21 45 94<\/span><\/h4>\n<\/div>\n<\/div><\/div><\/div><\/div><\/div><div id=\"pgc-31-2-1\"  class=\"panel-grid-cell\" ><div class=\"homebox-over-details panel-cell-style panel-cell-style-for-31-2-1\" ><div id=\"panel-31-2-1-0\" class=\"so-panel widget widget_sow-editor panel-first-child panel-last-child\" data-index=\"3\" ><div class=\"home-box-details panel-widget-style panel-widget-style-for-31-2-1-0\" ><div\n\t\t\t\n\t\t\tclass=\"so-widget-sow-editor so-widget-sow-editor-base\"\n\t\t\t\n\t\t>\n<div class=\"siteorigin-widget-tinymce textwidget\">\n\t<h4><img loading=\"lazy\" decoding=\"async\" class=\"wp-image-198 alignleft\" src=\"https:\/\/heller-mackens.de\/wp-content\/uploads\/2017\/09\/003-web_edit-1.png\" alt=\"\" width=\"55\" height=\"55\" \/><\/h4>\n<h4><span style=\"color: #ffffff;\">Schreiben Sie uns unter:<\/span><\/h4>\n<h4><span style=\"color: #ffffff;\"><a href=\"mailto:info@heller-mackens.de\"> info@heller-mackens.de<\/a><\/span><\/h4>\n<\/div>\n<\/div><\/div><\/div><\/div><\/div><div id=\"pgc-31-2-2\"  class=\"panel-grid-cell\" ><div class=\"homebox-over-details panel-cell-style panel-cell-style-for-31-2-2\" ><div id=\"panel-31-2-2-0\" class=\"so-panel widget widget_sow-editor panel-first-child panel-last-child\" data-index=\"4\" ><div class=\"home-box-details-3 panel-widget-style panel-widget-style-for-31-2-2-0\" ><div\n\t\t\t\n\t\t\tclass=\"so-widget-sow-editor so-widget-sow-editor-base\"\n\t\t\t\n\t\t>\n<div class=\"siteorigin-widget-tinymce textwidget\">\n\t<h4><span style=\"color: #ffffff;\"><img loading=\"lazy\" decoding=\"async\" class=\"wp-image-470 alignleft\" src=\"https:\/\/heller-mackens.de\/wp-content\/uploads\/2018\/02\/009-time.png\" alt=\"\" width=\"55\" height=\"55\" \/><\/span><span style=\"color: #ffffff;\">Wir sind f\u00fcr Sie erreichbar:<\/span><\/h4>\n<h4><span style=\"color: #ffffff;\">Mo - Do\u00a0 \u00a007:30 - 16:00 <br \/>Fr     \u00a0 \u00a007:30 - 14:00<\/span><\/h4><\/div>\n<\/div><\/div><\/div><\/div><\/div><\/div><\/div><div id=\"pg-31-3\"  class=\"panel-grid panel-has-style\" ><div class=\"home-rowfeatures siteorigin-panels-stretch panel-row-style panel-row-style-for-31-3\" id=\"leistungen\" data-stretch-type=\"full\" ><div id=\"pgc-31-3-0\"  class=\"panel-grid-cell\" ><div id=\"panel-31-3-0-0\" class=\"so-panel widget widget_sow-editor panel-first-child panel-last-child\" data-index=\"5\" ><div class=\"home-box-features-title panel-widget-style panel-widget-style-for-31-3-0-0\" ><div\n\t\t\t\n\t\t\tclass=\"so-widget-sow-editor so-widget-sow-editor-base\"\n\t\t\t\n\t\t>\n<div class=\"siteorigin-widget-tinymce textwidget\">\n\t<p><span style=\"color: #000000; font-size: 30pt;\">Unsere Leistungen<\/span><\/p>\n<\/div>\n<\/div><\/div><\/div><\/div><\/div><\/div><div id=\"pg-31-4\"  class=\"panel-grid panel-has-style\" ><div class=\"home-rowfeatures siteorigin-panels-stretch panel-row-style panel-row-style-for-31-4\" data-stretch-type=\"full\" ><div id=\"pgc-31-4-0\"  class=\"panel-grid-cell\" ><div id=\"panel-31-4-0-0\" class=\"so-panel widget widget_sow-editor panel-first-child panel-last-child\" data-index=\"6\" ><div class=\"home-box-features panel-widget-style panel-widget-style-for-31-4-0-0\" id=\"home-box-features\" ><div\n\t\t\t\n\t\t\tclass=\"so-widget-sow-editor so-widget-sow-editor-base\"\n\t\t\t\n\t\t>\n<div class=\"siteorigin-widget-tinymce textwidget\">\n\t<div onclick=\"location.href='\/?page_id=323\/#leistungen-hygiene';\" class=\"ps2id\" style=\"cursor: pointer; text-align: center;\"><span style=\"font-size: 24pt; color: #ffffff;\">Hygienemanagement<\/span>\n<img loading=\"lazy\" decoding=\"async\" class=\"aligncenter wp-image-224\" style=\"padding: 25px;\" src=\"https:\/\/heller-mackens.de\/wp-content\/uploads\/2018\/02\/007-petri-dish.png\" alt=\"\" width=\"91\" height=\"91\" \/>\n<span style=\"color: #ffffff;\">Hygienekontrollen, Probenahme und Probenabwicklung, Produktanalysen<\/span><\/div><\/div>\n<\/div><\/div><\/div><\/div><div id=\"pgc-31-4-1\"  class=\"panel-grid-cell\" ><div id=\"panel-31-4-1-0\" class=\"so-panel widget widget_sow-editor panel-first-child panel-last-child\" data-index=\"7\" ><div class=\"home-box-features panel-widget-style panel-widget-style-for-31-4-1-0\" id=\"home-box-features\" ><div\n\t\t\t\n\t\t\tclass=\"so-widget-sow-editor so-widget-sow-editor-base\"\n\t\t\t\n\t\t>\n<div class=\"siteorigin-widget-tinymce textwidget\">\n\t<div onclick=\"location.href='\/?page_id=323\/#leistungen-qualitaet';\" class=\"ps2id\" style=\"cursor: pointer; text-align: center;\"><span style=\"font-size: 24pt; color: #ffffff;\">Qualit\u00e4tsmanagement<\/span>\n<img loading=\"lazy\" decoding=\"async\" class=\"wp-image-224 aligncenter\" style=\"padding: 25px;\" src=\"https:\/\/heller-mackens.de\/wp-content\/uploads\/2018\/02\/001-interface.png\" width=\"91\" height=\"91\" \/>\n<span style=\"color: #ffffff;\">QM-Systeme und Zertifizierungen (IFS u.a.),\nEU-Zulassung, HACCP-Konzepte<\/span><\/div><\/div>\n<\/div><\/div><\/div><\/div><div id=\"pgc-31-4-2\"  class=\"panel-grid-cell\" ><div id=\"panel-31-4-2-0\" class=\"so-panel widget widget_sow-editor panel-first-child panel-last-child\" data-index=\"8\" ><div class=\"home-box-features panel-widget-style panel-widget-style-for-31-4-2-0\" id=\"home-box-features\" ><div\n\t\t\t\n\t\t\tclass=\"so-widget-sow-editor so-widget-sow-editor-base\"\n\t\t\t\n\t\t>\n<div class=\"siteorigin-widget-tinymce textwidget\">\n\t<div <div onclick=\"location.href='\/?page_id=323\/#leistungen-schulungen';\" class=\"ps2id\" style=\"cursor: pointer; text-align: center;\" span=\"\"><span style=\"font-size: 24pt; color: #ffffff;\">Schulungen<\/span>\n<img loading=\"lazy\" decoding=\"async\" class=\"wp-image-224 aligncenter\" src=\"https:\/\/heller-mackens.de\/wp-content\/uploads\/2018\/02\/003-business.png\n\" width=\"91\" height=\"91\" style=\"padding: 25px;\" \/>\n<span style=\"color: #ffffff;\">Hygiene \/ IfSG, HACCP, Schulung gem\u00e4\u00df LMHV \u00a74, QM-Standards und -systeme<\/span><\/div><\/div>\n<\/div><\/div><\/div><\/div><\/div><\/div><div id=\"pg-31-5\"  class=\"panel-grid panel-has-style\" ><div class=\"home-rowfeatures siteorigin-panels-stretch panel-row-style panel-row-style-for-31-5\" data-stretch-type=\"full\" ><div id=\"pgc-31-5-0\"  class=\"panel-grid-cell panel-grid-cell-empty\" ><\/div><div id=\"pgc-31-5-1\"  class=\"panel-grid-cell\" ><div id=\"panel-31-5-1-0\" class=\"so-panel widget widget_sow-editor panel-first-child panel-last-child\" data-index=\"9\" ><div class=\"home-box-features panel-widget-style panel-widget-style-for-31-5-1-0\" id=\"home-box-features\" ><div\n\t\t\t\n\t\t\tclass=\"so-widget-sow-editor so-widget-sow-editor-base\"\n\t\t\t\n\t\t>\n<div class=\"siteorigin-widget-tinymce textwidget\">\n\t<div onclick=\"location.href='\/?page_id=323\/#leistungen-recht';\" class=\"ps2id\" style=\"cursor: pointer; text-align: center;\" span=\"\"><span style=\"font-size: 24pt; color: #ffffff;\">Lebensmittelrecht<\/span>\n<img loading=\"lazy\" decoding=\"async\" class=\"wp-image-224 aligncenter\" src=\"https:\/\/heller-mackens.de\/wp-content\/uploads\/2018\/02\/004-science-book.png\" width=\"91\" height=\"91\" style=\"padding: 25px;\" \/>\n<span style=\"color: #ffffff;\">Deklarationspr\u00fcfung, Spezifikationen, Lebensmittelrechtliche Unterst\u00fctzung<\/span><\/div><\/div>\n<\/div><\/div><\/div><\/div><div id=\"pgc-31-5-2\"  class=\"panel-grid-cell panel-grid-cell-mobile-last\" ><div id=\"panel-31-5-2-0\" class=\"so-panel widget widget_sow-editor panel-first-child panel-last-child\" data-index=\"10\" ><div class=\"home-box-features panel-widget-style panel-widget-style-for-31-5-2-0\" id=\"home-box-features\" ><div\n\t\t\t\n\t\t\tclass=\"so-widget-sow-editor so-widget-sow-editor-base\"\n\t\t\t\n\t\t>\n<div class=\"siteorigin-widget-tinymce textwidget\">\n\t<div onclick=\"location.href='\/?page_id=323\/#leistungen-fachplanung';\" class=\"ps2id\" style=\"cursor: pointer; text-align: center;\" span=\"\"><span style=\"font-size: 24pt; color: #ffffff;\">Fachplanung<\/span>\n<img loading=\"lazy\" decoding=\"async\" class=\"wp-image-224 aligncenter\" src=\"https:\/\/heller-mackens.de\/wp-content\/uploads\/2018\/02\/002-blueprint.png\" width=\"91\" height=\"91\" style=\"padding: 25px;\" \/>\n<span style=\"color: #ffffff;\">Beratung bei Um- und Neubauten, Betriebszeichnungen<\/span><\/div><\/div>\n<\/div><\/div><\/div><\/div><div id=\"pgc-31-5-3\"  class=\"panel-grid-cell panel-grid-cell-empty\" ><\/div><\/div><\/div><div id=\"pg-31-6\"  class=\"panel-grid panel-has-style\" ><div class=\"home-row-details siteorigin-panels-stretch panel-row-style panel-row-style-for-31-6\" id=\"anfahrt\" data-stretch-type=\"full\" ><div id=\"pgc-31-6-0\"  class=\"panel-grid-cell\" ><div class=\"homebox-over-details panel-cell-style panel-cell-style-for-31-6-0\" ><div id=\"panel-31-6-0-0\" class=\"so-panel widget widget_sow-headline panel-first-child\" data-index=\"11\" ><div class=\"panel-widget-style panel-widget-style-for-31-6-0-0\" ><div\n\t\t\t\n\t\t\tclass=\"so-widget-sow-headline so-widget-sow-headline-default-5aaf45167734-31\"\n\t\t\t\n\t\t><div class=\"sow-headline-container \">\n\t\t\t\t\t\t\t<h1 class=\"sow-headline\">\n\t\t\t\t\t\tAnfahrt\t\t\t\t\t\t<\/h1>\n\t\t\t\t\t\t<\/div>\n<\/div><\/div><\/div><div id=\"panel-31-6-0-1\" class=\"so-panel widget widget_sow-editor\" data-index=\"12\" ><div\n\t\t\t\n\t\t\tclass=\"so-widget-sow-editor so-widget-sow-editor-base\"\n\t\t\t\n\t\t>\n<div class=\"siteorigin-widget-tinymce textwidget\">\n\t<p><span style=\"color: #ffffff;\">Unser B\u00fcro befindet sich auf dem Fleischgro\u00dfmarkt Hamburg, in der <strong>Lagerstra\u00dfe 17<\/strong>.<\/span><\/p>\n<p><span style=\"color: #ffffff;\">Bitte befahren das Gel\u00e4nde \u00fcber den Eingang \"Tor 2\" und folgen sie dem Weg zu unserem B\u00fcro wie angegeben.<\/span><\/p>\n<p><span style=\"color: #ffffff;\">Sie k\u00f6nnen auch das \u201eTor 1\u201c nutzen. Hier kann Ihnen der Pf\u00f6rtner eine genauere Wegbeschreibung geben.<\/span><\/p>\n<\/div>\n<\/div><\/div><div id=\"panel-31-6-0-2\" class=\"so-panel widget widget_sow-image panel-last-child\" data-index=\"13\" ><div id=\"homepage-image-left\" class=\"panel-widget-style panel-widget-style-for-31-6-0-2\" ><div\n\t\t\t\n\t\t\tclass=\"so-widget-sow-image so-widget-sow-image-default-6ec9e3772f75-31\"\n\t\t\t\n\t\t>\n<div class=\"sow-image-container\">\n\t\t<img \n\tsrc=\"https:\/\/heller-mackens.de\/wp-content\/uploads\/2017\/09\/IMG_2935_inset-shadow.jpg\" width=\"4032\" height=\"3024\" srcset=\"https:\/\/heller-mackens.de\/wp-content\/uploads\/2017\/09\/IMG_2935_inset-shadow.jpg 4032w, https:\/\/heller-mackens.de\/wp-content\/uploads\/2017\/09\/IMG_2935_inset-shadow-300x225.jpg 300w, https:\/\/heller-mackens.de\/wp-content\/uploads\/2017\/09\/IMG_2935_inset-shadow-768x576.jpg 768w, https:\/\/heller-mackens.de\/wp-content\/uploads\/2017\/09\/IMG_2935_inset-shadow-1024x768.jpg 1024w\" sizes=\"(max-width: 4032px) 100vw, 4032px\" alt=\"\" \t\tclass=\"so-widget-image\"\/>\n\t<\/div>\n\n<\/div><\/div><\/div><\/div><\/div><div id=\"pgc-31-6-1\"  class=\"panel-grid-cell\" ><div class=\"homebox-over-details panel-cell-style panel-cell-style-for-31-6-1\" ><div id=\"panel-31-6-1-0\" class=\"so-panel widget widget_sow-headline panel-first-child\" data-index=\"14\" ><div class=\"panel-widget-style panel-widget-style-for-31-6-1-0\" ><div\n\t\t\t\n\t\t\tclass=\"so-widget-sow-headline so-widget-sow-headline-default-5aaf45167734-31\"\n\t\t\t\n\t\t><div class=\"sow-headline-container \">\n\t\t\t\t\t\t\t<h1 class=\"sow-headline\">\n\t\t\t\t\t\tLageplan\t\t\t\t\t\t<\/h1>\n\t\t\t\t\t\t<\/div>\n<\/div><\/div><\/div><div id=\"panel-31-6-1-1\" class=\"so-panel widget widget_sow-image panel-last-child\" data-index=\"15\" ><div class=\"panel-widget-style panel-widget-style-for-31-6-1-1\" ><div\n\t\t\t\n\t\t\tclass=\"so-widget-sow-image so-widget-sow-image-default-8b5b6f678277-31\"\n\t\t\t\n\t\t>\n<div class=\"sow-image-container\">\n\t\t<img \n\tsrc=\"https:\/\/heller-mackens.de\/wp-content\/uploads\/2018\/02\/anfahrt_karte.png\" width=\"2394\" height=\"2852\" srcset=\"https:\/\/heller-mackens.de\/wp-content\/uploads\/2018\/02\/anfahrt_karte.png 2394w, https:\/\/heller-mackens.de\/wp-content\/uploads\/2018\/02\/anfahrt_karte-252x300.png 252w, https:\/\/heller-mackens.de\/wp-content\/uploads\/2018\/02\/anfahrt_karte-768x915.png 768w, https:\/\/heller-mackens.de\/wp-content\/uploads\/2018\/02\/anfahrt_karte-860x1024.png 860w\" sizes=\"(max-width: 2394px) 100vw, 2394px\" alt=\"\" \t\tclass=\"so-widget-image\"\/>\n\t<\/div>\n\n<\/div><\/div><\/div><\/div><\/div><\/div><\/div><\/div>","protected":false},"excerpt":{"rendered":"<p>Der Partner f\u00fcr Qualit\u00e4tssicherung und Fachplanung im Lebensmittelbereich Sicherheit und Qualit\u00e4t sind f\u00fcr alle Betriebe, die an der Produktion und dem Vertrieb von Lebensmitteln beteiligt sind, von gr\u00f6\u00dfter Bedeutung. Die Heller &amp; Mackens GbR bietet als kompetenter Partner praxisorientierte Dienstleistungen f\u00fcr eine Vielzahl von Branchen im Lebensmittelbereich an. Wir bieten Ihnen eine individuelle Betreuung in [&hellip;]<\/p>\n","protected":false},"author":1,"featured_media":0,"parent":0,"menu_order":0,"comment_status":"closed","ping_status":"closed","template":"home-panels.php","meta":{"footnotes":""},"class_list":["post-31","page","type-page","status-publish","hentry","post"],"_links":{"self":[{"href":"https:\/\/heller-mackens.de\/index.php?rest_route=\/wp\/v2\/pages\/31","targetHints":{"allow":["GET"]}}],"collection":[{"href":"https:\/\/heller-mackens.de\/index.php?rest_route=\/wp\/v2\/pages"}],"about":[{"href":"https:\/\/heller-mackens.de\/index.php?rest_route=\/wp\/v2\/types\/page"}],"author":[{"embeddable":true,"href":"https:\/\/heller-mackens.de\/index.php?rest_route=\/wp\/v2\/users\/1"}],"replies":[{"embeddable":true,"href":"https:\/\/heller-mackens.de\/index.php?rest_route=%2Fwp%2Fv2%2Fcomments&post=31"}],"version-history":[{"count":374,"href":"https:\/\/heller-mackens.de\/index.php?rest_route=\/wp\/v2\/pages\/31\/revisions"}],"predecessor-version":[{"id":1199,"href":"https:\/\/heller-mackens.de\/index.php?rest_route=\/wp\/v2\/pages\/31\/revisions\/1199"}],"wp:attachment":[{"href":"https:\/\/heller-mackens.de\/index.php?rest_route=%2Fwp%2Fv2%2Fmedia&parent=31"}],"curies":[{"name":"wp","href":"https:\/\/api.w.org\/{rel}","templated":true}]}}