{"id":1069,"date":"2019-01-04T14:02:15","date_gmt":"2019-01-04T13:02:15","guid":{"rendered":"https:\/\/heller-mackens.de\/?page_id=1069"},"modified":"2020-08-11T21:23:21","modified_gmt":"2020-08-11T19:23:21","slug":"partner","status":"publish","type":"page","link":"https:\/\/heller-mackens.de\/?page_id=1069","title":{"rendered":"Partner"},"content":{"rendered":"<div id=\"pl-1069\"  class=\"panel-layout\" ><div id=\"pg-1069-0\"  class=\"panel-grid panel-no-style\" ><div id=\"pgc-1069-0-0\"  class=\"panel-grid-cell\" ><div id=\"panel-1069-0-0-0\" class=\"so-panel widget widget_sow-editor panel-first-child panel-last-child\" data-index=\"0\" ><div\n\t\t\t\n\t\t\tclass=\"so-widget-sow-editor so-widget-sow-editor-base\"\n\t\t\t\n\t\t>\n<div class=\"siteorigin-widget-tinymce textwidget\">\n\t<p>Um Ihnen umfassende Beratung und Dienstleistung aus einer Hand bieten zu k\u00f6nnen, arbeiten wir mit zuverl\u00e4ssigen und kompetenten Partnern zusammen.<\/p>\n<\/div>\n<\/div><\/div><\/div><\/div><div id=\"pg-1069-1\"  class=\"panel-grid panel-no-style\" ><div id=\"pgc-1069-1-0\"  class=\"panel-grid-cell\" ><div id=\"panel-1069-1-0-0\" class=\"so-panel widget widget_sow-headline panel-first-child\" data-index=\"1\" ><div\n\t\t\t\n\t\t\tclass=\"so-widget-sow-headline so-widget-sow-headline-default-4b1e558a365a-1069\"\n\t\t\t\n\t\t><div class=\"sow-headline-container \">\n\t\t\t\t\t\t\t<h1 class=\"sow-headline\">\n\t\t\t\t\t\tPartnerlabore\t\t\t\t\t\t<\/h1>\n\t\t\t\t\t\t<\/div>\n<\/div><\/div><div id=\"panel-1069-1-0-1\" class=\"so-panel widget widget_sow-editor panel-last-child\" data-index=\"2\" ><div\n\t\t\t\n\t\t\tclass=\"so-widget-sow-editor so-widget-sow-editor-base\"\n\t\t\t\n\t\t>\n<div class=\"siteorigin-widget-tinymce textwidget\">\n\t<p>Unsere Partner f\u00fcr Laboruntersuchungen sind die Institute:<\/p>\n<ul>\n<li>Labor FEN-LAB<\/li>\n<li>Labor SGS<\/li>\n<li>Labor Wessling<\/li>\n<li>Labor Diamedis<\/li>\n<\/ul>\n<\/div>\n<\/div><\/div><\/div><div id=\"pgc-1069-1-1\"  class=\"panel-grid-cell\" ><div id=\"panel-1069-1-1-0\" class=\"so-panel widget widget_sow-headline panel-first-child\" data-index=\"3\" ><div\n\t\t\t\n\t\t\tclass=\"so-widget-sow-headline so-widget-sow-headline-default-4b1e558a365a-1069\"\n\t\t\t\n\t\t><div class=\"sow-headline-container \">\n\t\t\t\t\t\t\t<h1 class=\"sow-headline\">\n\t\t\t\t\t\tVerb\u00e4nde\t\t\t\t\t\t<\/h1>\n\t\t\t\t\t\t<\/div>\n<\/div><\/div><div id=\"panel-1069-1-1-1\" class=\"so-panel widget widget_sow-editor panel-last-child\" data-index=\"4\" ><div\n\t\t\t\n\t\t\tclass=\"so-widget-sow-editor so-widget-sow-editor-base\"\n\t\t\t\n\t\t>\n<div class=\"siteorigin-widget-tinymce textwidget\">\n\t<p>Seit Januar 2019 ist unser B\u00fcro als Berater f\u00fcr den neuen \u201eFleischerverband-Nord\u201c t\u00e4tig.<\/p>\n<p>Weitere Informationen finden Sie unter https:\/\/www.fleischer-nord.de<\/p>\n<\/div>\n<\/div><\/div><\/div><\/div><\/div>","protected":false},"excerpt":{"rendered":"<p>Um Ihnen umfassende Beratung und Dienstleistung aus einer Hand bieten zu k\u00f6nnen, arbeiten wir mit zuverl\u00e4ssigen und kompetenten Partnern zusammen. Unsere Partner f\u00fcr Laboruntersuchungen sind die Institute: Labor FEN-LAB Labor SGS Labor Wessling Labor Diamedis Seit Januar 2019 ist unser B\u00fcro als Berater f\u00fcr den neuen \u201eFleischerverband-Nord\u201c t\u00e4tig. Weitere Informationen finden Sie unter https:\/\/www.fleischer-nord.de<\/p>\n","protected":false},"author":1,"featured_media":0,"parent":0,"menu_order":0,"comment_status":"closed","ping_status":"closed","template":"","meta":{"footnotes":""},"class_list":["post-1069","page","type-page","status-publish","hentry","post"],"_links":{"self":[{"href":"https:\/\/heller-mackens.de\/index.php?rest_route=\/wp\/v2\/pages\/1069","targetHints":{"allow":["GET"]}}],"collection":[{"href":"https:\/\/heller-mackens.de\/index.php?rest_route=\/wp\/v2\/pages"}],"about":[{"href":"https:\/\/heller-mackens.de\/index.php?rest_route=\/wp\/v2\/types\/page"}],"author":[{"embeddable":true,"href":"https:\/\/heller-mackens.de\/index.php?rest_route=\/wp\/v2\/users\/1"}],"replies":[{"embeddable":true,"href":"https:\/\/heller-mackens.de\/index.php?rest_route=%2Fwp%2Fv2%2Fcomments&post=1069"}],"version-history":[{"count":23,"href":"https:\/\/heller-mackens.de\/index.php?rest_route=\/wp\/v2\/pages\/1069\/revisions"}],"predecessor-version":[{"id":1183,"href":"https:\/\/heller-mackens.de\/index.php?rest_route=\/wp\/v2\/pages\/1069\/revisions\/1183"}],"wp:attachment":[{"href":"https:\/\/heller-mackens.de\/index.php?rest_route=%2Fwp%2Fv2%2Fmedia&parent=1069"}],"curies":[{"name":"wp","href":"https:\/\/api.w.org\/{rel}","templated":true}]}}